{"id":501,"date":"2022-02-17T15:10:20","date_gmt":"2022-02-17T15:10:20","guid":{"rendered":"https:\/\/3i-ict.citic.udc.es\/?page_id=501"},"modified":"2022-03-31T07:56:05","modified_gmt":"2022-03-31T07:56:05","slug":"news","status":"publish","type":"page","link":"https:\/\/3i-ict.citic.udc.es\/?page_id=501","title":{"rendered":"News"},"content":{"rendered":"\t\t<div data-elementor-type=\"wp-page\" data-elementor-id=\"501\" class=\"elementor elementor-501\">\n\t\t\t\t\t\t\t\t\t<section class=\"elementor-section elementor-top-section elementor-element elementor-element-615665d elementor-section-boxed elementor-section-height-default elementor-section-height-default\" data-id=\"615665d\" data-element_type=\"section\">\n\t\t\t\t\t\t<div class=\"elementor-container elementor-column-gap-default\">\n\t\t\t\t\t<div class=\"elementor-column elementor-col-100 elementor-top-column elementor-element elementor-element-0819378\" data-id=\"0819378\" data-element_type=\"column\">\n\t\t\t<div class=\"elementor-widget-wrap elementor-element-populated\">\n\t\t\t\t\t\t\t\t<div class=\"elementor-element elementor-element-43557a5 elementor-widget elementor-widget-image\" data-id=\"43557a5\" data-element_type=\"widget\" data-widget_type=\"image.default\">\n\t\t\t\t<div class=\"elementor-widget-container\">\n\t\t\t<style>\/*! elementor - v3.11.5 - 14-03-2023 *\/\n.elementor-widget-image{text-align:center}.elementor-widget-image a{display:inline-block}.elementor-widget-image a img[src$=\".svg\"]{width:48px}.elementor-widget-image img{vertical-align:middle;display:inline-block}<\/style>\t\t\t\t\t\t\t\t\t\t\t\t<img loading=\"lazy\" decoding=\"async\" width=\"1024\" height=\"404\" src=\"https:\/\/3i-ict.citic.udc.es\/wp-content\/uploads\/2022\/02\/news_fond-1024x404.png\" class=\"attachment-large size-large wp-image-927\" alt=\"\" srcset=\"https:\/\/3i-ict.citic.udc.es\/wp-content\/uploads\/2022\/02\/news_fond-1024x404.png 1024w, https:\/\/3i-ict.citic.udc.es\/wp-content\/uploads\/2022\/02\/news_fond-300x118.png 300w, https:\/\/3i-ict.citic.udc.es\/wp-content\/uploads\/2022\/02\/news_fond-768x303.png 768w, https:\/\/3i-ict.citic.udc.es\/wp-content\/uploads\/2022\/02\/news_fond-1536x606.png 1536w, https:\/\/3i-ict.citic.udc.es\/wp-content\/uploads\/2022\/02\/news_fond-2048x808.png 2048w, https:\/\/3i-ict.citic.udc.es\/wp-content\/uploads\/2022\/02\/news_fond-920x363.png 920w, https:\/\/3i-ict.citic.udc.es\/wp-content\/uploads\/2022\/02\/news_fond-230x91.png 230w, https:\/\/3i-ict.citic.udc.es\/wp-content\/uploads\/2022\/02\/news_fond-350x138.png 350w, https:\/\/3i-ict.citic.udc.es\/wp-content\/uploads\/2022\/02\/news_fond-480x189.png 480w\" sizes=\"auto, (max-width: 1024px) 100vw, 1024px\" \/>\t\t\t\t\t\t\t\t\t\t\t\t\t\t\t<\/div>\n\t\t\t\t<\/div>\n\t\t\t\t<div class=\"elementor-element elementor-element-94041e6 elementor-widget elementor-widget-spacer\" data-id=\"94041e6\" data-element_type=\"widget\" data-widget_type=\"spacer.default\">\n\t\t\t\t<div class=\"elementor-widget-container\">\n\t\t\t<style>\/*! elementor - v3.11.5 - 14-03-2023 *\/\n.elementor-column .elementor-spacer-inner{height:var(--spacer-size)}.e-con{--container-widget-width:100%}.e-con-inner>.elementor-widget-spacer,.e-con>.elementor-widget-spacer{width:var(--container-widget-width,var(--spacer-size));--align-self:var(--container-widget-align-self,initial);--flex-shrink:0}.e-con-inner>.elementor-widget-spacer>.elementor-widget-container,.e-con-inner>.elementor-widget-spacer>.elementor-widget-container>.elementor-spacer,.e-con>.elementor-widget-spacer>.elementor-widget-container,.e-con>.elementor-widget-spacer>.elementor-widget-container>.elementor-spacer{height:100%}.e-con-inner>.elementor-widget-spacer>.elementor-widget-container>.elementor-spacer>.elementor-spacer-inner,.e-con>.elementor-widget-spacer>.elementor-widget-container>.elementor-spacer>.elementor-spacer-inner{height:var(--container-widget-height,var(--spacer-size))}<\/style>\t\t<div class=\"elementor-spacer\">\n\t\t\t<div class=\"elementor-spacer-inner\"><\/div>\n\t\t<\/div>\n\t\t\t\t<\/div>\n\t\t\t\t<\/div>\n\t\t\t\t<div class=\"elementor-element elementor-element-b431197 elementor-widget elementor-widget-text-editor\" data-id=\"b431197\" data-element_type=\"widget\" data-widget_type=\"text-editor.default\">\n\t\t\t\t<div class=\"elementor-widget-container\">\n\t\t\t<style>\/*! elementor - v3.11.5 - 14-03-2023 *\/\n.elementor-widget-text-editor.elementor-drop-cap-view-stacked .elementor-drop-cap{background-color:#818a91;color:#fff}.elementor-widget-text-editor.elementor-drop-cap-view-framed .elementor-drop-cap{color:#818a91;border:3px solid;background-color:transparent}.elementor-widget-text-editor:not(.elementor-drop-cap-view-default) .elementor-drop-cap{margin-top:8px}.elementor-widget-text-editor:not(.elementor-drop-cap-view-default) .elementor-drop-cap-letter{width:1em;height:1em}.elementor-widget-text-editor .elementor-drop-cap{float:left;text-align:center;line-height:1;font-size:50px}.elementor-widget-text-editor .elementor-drop-cap-letter{display:inline-block}<\/style>\t\t\t\t<h2>Latest news<\/h2>\t\t\t\t\t\t<\/div>\n\t\t\t\t<\/div>\n\t\t\t\t<div class=\"elementor-element elementor-element-729373c elementor-grid-3 elementor-grid-tablet-2 elementor-grid-mobile-1 elementor-posts--thumbnail-top elementor-widget elementor-widget-posts\" data-id=\"729373c\" data-element_type=\"widget\" data-settings=\"{&quot;pagination_type&quot;:&quot;numbers_and_prev_next&quot;,&quot;classic_columns&quot;:&quot;3&quot;,&quot;classic_columns_tablet&quot;:&quot;2&quot;,&quot;classic_columns_mobile&quot;:&quot;1&quot;,&quot;classic_row_gap&quot;:{&quot;unit&quot;:&quot;px&quot;,&quot;size&quot;:35,&quot;sizes&quot;:[]},&quot;classic_row_gap_tablet&quot;:{&quot;unit&quot;:&quot;px&quot;,&quot;size&quot;:&quot;&quot;,&quot;sizes&quot;:[]},&quot;classic_row_gap_mobile&quot;:{&quot;unit&quot;:&quot;px&quot;,&quot;size&quot;:&quot;&quot;,&quot;sizes&quot;:[]}}\" data-widget_type=\"posts.classic\">\n\t\t\t\t<div class=\"elementor-widget-container\">\n\t\t\t<link rel=\"stylesheet\" href=\"https:\/\/3i-ict.citic.udc.es\/wp-content\/plugins\/elementor-pro\/assets\/css\/widget-posts.min.css\">\t\t<div class=\"elementor-posts-container elementor-posts elementor-posts--skin-classic elementor-grid\">\n\t\t\t\t<article class=\"elementor-post elementor-grid-item post-2101 post type-post status-publish format-standard has-post-thumbnail hentry category-latest_newsa\">\n\t\t\t\t<a class=\"elementor-post__thumbnail__link\" href=\"https:\/\/3i-ict.citic.udc.es\/?p=2101\" >\n\t\t\t<div class=\"elementor-post__thumbnail\"><img loading=\"lazy\" decoding=\"async\" width=\"300\" height=\"135\" src=\"https:\/\/3i-ict.citic.udc.es\/wp-content\/uploads\/2023\/07\/MicrosoftTeams-image-300x135.png\" class=\"attachment-medium size-medium wp-image-2104\" alt=\"\" srcset=\"https:\/\/3i-ict.citic.udc.es\/wp-content\/uploads\/2023\/07\/MicrosoftTeams-image-300x135.png 300w, https:\/\/3i-ict.citic.udc.es\/wp-content\/uploads\/2023\/07\/MicrosoftTeams-image-1024x462.png 1024w, https:\/\/3i-ict.citic.udc.es\/wp-content\/uploads\/2023\/07\/MicrosoftTeams-image-768x346.png 768w, https:\/\/3i-ict.citic.udc.es\/wp-content\/uploads\/2023\/07\/MicrosoftTeams-image-1000x451.png 1000w, https:\/\/3i-ict.citic.udc.es\/wp-content\/uploads\/2023\/07\/MicrosoftTeams-image-230x104.png 230w, https:\/\/3i-ict.citic.udc.es\/wp-content\/uploads\/2023\/07\/MicrosoftTeams-image-350x158.png 350w, https:\/\/3i-ict.citic.udc.es\/wp-content\/uploads\/2023\/07\/MicrosoftTeams-image-480x216.png 480w, https:\/\/3i-ict.citic.udc.es\/wp-content\/uploads\/2023\/07\/MicrosoftTeams-image.png 1413w\" sizes=\"auto, (max-width: 300px) 100vw, 300px\" \/><\/div>\n\t\t<\/a>\n\t\t\t\t<div class=\"elementor-post__text\">\n\t\t\t\t<h3 class=\"elementor-post__title\">\n\t\t\t<a href=\"https:\/\/3i-ict.citic.udc.es\/?p=2101\" >\n\t\t\t\tCITIC enhances its recruitment of international talent through the European project 3i-ICT.\t\t\t<\/a>\n\t\t<\/h3>\n\t\t\t\t<div class=\"elementor-post__meta-data\">\n\t\t\t\t\t<span class=\"elementor-post-date\">\n\t\t\tJuly 17, 2023\t\t<\/span>\n\t\t\t\t<\/div>\n\t\t\t\t<div class=\"elementor-post__excerpt\">\n\t\t\t<p>The Center for Research in Information and Communication Technologies (CITIC) of the UDC is increasing its recruitment of international talent through the European project 3i-ICT. In the second edition of this program, whose application period has recently closed, the UDC center has received 75 applications from 56 applicants, of which 51 applications from 39 individuals were accepted.<\/p>\n\t\t<\/div>\n\t\t\n\t\t<a class=\"elementor-post__read-more\" href=\"https:\/\/3i-ict.citic.udc.es\/?p=2101\" aria-label=\"Read more about CITIC enhances its recruitment of international talent through the European project 3i-ICT.\" >\n\t\t\tRead More \u00bb\t\t<\/a>\n\n\t\t\t\t<\/div>\n\t\t\t\t<\/article>\n\t\t\t\t<article class=\"elementor-post elementor-grid-item post-2043 post type-post status-publish format-standard has-post-thumbnail hentry category-latest_newsa\">\n\t\t\t\t<a class=\"elementor-post__thumbnail__link\" href=\"https:\/\/3i-ict.citic.udc.es\/?p=2043\" >\n\t\t\t<div class=\"elementor-post__thumbnail\"><img loading=\"lazy\" decoding=\"async\" width=\"300\" height=\"218\" src=\"https:\/\/3i-ict.citic.udc.es\/wp-content\/uploads\/2023\/05\/Foto-de-familia_web-300x218.jpg\" class=\"attachment-medium size-medium wp-image-2055\" alt=\"\" srcset=\"https:\/\/3i-ict.citic.udc.es\/wp-content\/uploads\/2023\/05\/Foto-de-familia_web-300x218.jpg 300w, https:\/\/3i-ict.citic.udc.es\/wp-content\/uploads\/2023\/05\/Foto-de-familia_web-1024x745.jpg 1024w, https:\/\/3i-ict.citic.udc.es\/wp-content\/uploads\/2023\/05\/Foto-de-familia_web-768x559.jpg 768w, https:\/\/3i-ict.citic.udc.es\/wp-content\/uploads\/2023\/05\/Foto-de-familia_web-1000x727.jpg 1000w, https:\/\/3i-ict.citic.udc.es\/wp-content\/uploads\/2023\/05\/Foto-de-familia_web-550x400.jpg 550w, https:\/\/3i-ict.citic.udc.es\/wp-content\/uploads\/2023\/05\/Foto-de-familia_web-230x167.jpg 230w, https:\/\/3i-ict.citic.udc.es\/wp-content\/uploads\/2023\/05\/Foto-de-familia_web-350x255.jpg 350w, https:\/\/3i-ict.citic.udc.es\/wp-content\/uploads\/2023\/05\/Foto-de-familia_web-480x349.jpg 480w, https:\/\/3i-ict.citic.udc.es\/wp-content\/uploads\/2023\/05\/Foto-de-familia_web.jpg 1100w\" sizes=\"auto, (max-width: 300px) 100vw, 300px\" \/><\/div>\n\t\t<\/a>\n\t\t\t\t<div class=\"elementor-post__text\">\n\t\t\t\t<h3 class=\"elementor-post__title\">\n\t\t\t<a href=\"https:\/\/3i-ict.citic.udc.es\/?p=2043\" >\n\t\t\t\tModels for the prevention of arthritis, natural language processing and wireless virtual sensing, first projects in the European 3-i ICT programme for attracting international talent\t\t\t<\/a>\n\t\t<\/h3>\n\t\t\t\t<div class=\"elementor-post__meta-data\">\n\t\t\t\t\t<span class=\"elementor-post-date\">\n\t\t\tMay 24, 2023\t\t<\/span>\n\t\t\t\t<\/div>\n\t\t\t\t<div class=\"elementor-post__excerpt\">\n\t\t\t<p>The ICT Research Centre (CITIC) of the University of A Coru\u00f1a hosted on Tuesday 23 May the presentation of the international doctoral theses of the 3-i ICT (International, Interdisciplinary and Intersectoral Information and Communications Technology PhD Programme), an innovative programme for attracting pre-doctoral talent awarded to the UDC centre last year. Specifically, three of the eight research projects planned under this plan.<\/p>\n\t\t<\/div>\n\t\t\n\t\t<a class=\"elementor-post__read-more\" href=\"https:\/\/3i-ict.citic.udc.es\/?p=2043\" aria-label=\"Read more about Models for the prevention of arthritis, natural language processing and wireless virtual sensing, first projects in the European 3-i ICT programme for attracting international talent\" >\n\t\t\tRead More \u00bb\t\t<\/a>\n\n\t\t\t\t<\/div>\n\t\t\t\t<\/article>\n\t\t\t\t<article class=\"elementor-post elementor-grid-item post-1932 post type-post status-publish format-standard has-post-thumbnail hentry category-latest_newsa\">\n\t\t\t\t<a class=\"elementor-post__thumbnail__link\" href=\"https:\/\/3i-ict.citic.udc.es\/?p=1932\" >\n\t\t\t<div class=\"elementor-post__thumbnail\"><img loading=\"lazy\" decoding=\"async\" width=\"300\" height=\"218\" src=\"https:\/\/3i-ict.citic.udc.es\/wp-content\/uploads\/2022\/10\/Resolution_-300x218.png\" class=\"attachment-medium size-medium wp-image-1938\" alt=\"\" srcset=\"https:\/\/3i-ict.citic.udc.es\/wp-content\/uploads\/2022\/10\/Resolution_-300x218.png 300w, https:\/\/3i-ict.citic.udc.es\/wp-content\/uploads\/2022\/10\/Resolution_-230x167.png 230w, https:\/\/3i-ict.citic.udc.es\/wp-content\/uploads\/2022\/10\/Resolution_-350x255.png 350w, https:\/\/3i-ict.citic.udc.es\/wp-content\/uploads\/2022\/10\/Resolution_-480x349.png 480w, https:\/\/3i-ict.citic.udc.es\/wp-content\/uploads\/2022\/10\/Resolution_.png 550w\" sizes=\"auto, (max-width: 300px) 100vw, 300px\" \/><\/div>\n\t\t<\/a>\n\t\t\t\t<div class=\"elementor-post__text\">\n\t\t\t\t<h3 class=\"elementor-post__title\">\n\t\t\t<a href=\"https:\/\/3i-ict.citic.udc.es\/?p=1932\" >\n\t\t\t\tConclusion of first call for applications for 3-i ICT international PhD programme\t\t\t<\/a>\n\t\t<\/h3>\n\t\t\t\t<div class=\"elementor-post__meta-data\">\n\t\t\t\t\t<span class=\"elementor-post-date\">\n\t\t\tOctober 19, 2022\t\t<\/span>\n\t\t\t\t<\/div>\n\t\t\t\t<div class=\"elementor-post__excerpt\">\n\t\t\t<p>The first call for applications for the 3-i ICT (International, Interdisciplinary and Intersectoral Information and Communications Technology PhD Programme) was completed in September with the selection of four researchers to carry out their PhD projects at CITIC under the supervision of Carlos G\u00f3mez, David Vilares, Ricardo Cao and Luis Castedo. The researchers selected come from Pakistan, Cuba, Mexico and the United States, and their projects relate to the fields of linguistics, medicine and industry 4.0.<\/p>\n\t\t<\/div>\n\t\t\n\t\t<a class=\"elementor-post__read-more\" href=\"https:\/\/3i-ict.citic.udc.es\/?p=1932\" aria-label=\"Read more about Conclusion of first call for applications for 3-i ICT international PhD programme\" >\n\t\t\tRead More \u00bb\t\t<\/a>\n\n\t\t\t\t<\/div>\n\t\t\t\t<\/article>\n\t\t\t\t<\/div>\n\t\t\n\t\t\t\t<div class=\"e-load-more-anchor\" data-page=\"1\" data-max-page=\"2\" data-next-page=\"https:\/\/3i-ict.citic.udc.es\/index.php?rest_route=%2Fwp%2Fv2%2Fpages%2F501&#038;paged=2\"><\/div>\n\t\t\t\t<nav class=\"elementor-pagination\" aria-label=\"Pagination\">\n\t\t\t<span class=\"page-numbers prev\">&laquo; Previous<\/span>\n<span aria-current=\"page\" class=\"page-numbers current\"><span class=\"elementor-screen-only\">Page<\/span>1<\/span>\n<a class=\"page-numbers\" href=\"https:\/\/3i-ict.citic.udc.es\/index.php\/?paged=2&#038;rest_route=%2Fwp%2Fv2%2Fpages%2F501\"><span class=\"elementor-screen-only\">Page<\/span>2<\/a>\n<a class=\"page-numbers next\" href=\"https:\/\/3i-ict.citic.udc.es\/index.php?rest_route=%2Fwp%2Fv2%2Fpages%2F501&#038;paged=2\">Next &raquo;<\/a>\t\t<\/nav>\n\t\t\t\t<\/div>\n\t\t\t\t<\/div>\n\t\t\t\t<div class=\"elementor-element elementor-element-6df6621 elementor-widget elementor-widget-text-editor\" data-id=\"6df6621\" data-element_type=\"widget\" data-widget_type=\"text-editor.default\">\n\t\t\t\t<div class=\"elementor-widget-container\">\n\t\t\t\t\t\t\t<h2>Events<\/h2>\t\t\t\t\t\t<\/div>\n\t\t\t\t<\/div>\n\t\t\t\t<div class=\"elementor-element elementor-element-ab230c5 elementor-grid-3 elementor-grid-tablet-2 elementor-grid-mobile-1 elementor-posts--thumbnail-top elementor-widget elementor-widget-posts\" data-id=\"ab230c5\" data-element_type=\"widget\" data-settings=\"{&quot;pagination_type&quot;:&quot;numbers_and_prev_next&quot;,&quot;classic_columns&quot;:&quot;3&quot;,&quot;classic_columns_tablet&quot;:&quot;2&quot;,&quot;classic_columns_mobile&quot;:&quot;1&quot;,&quot;classic_row_gap&quot;:{&quot;unit&quot;:&quot;px&quot;,&quot;size&quot;:35,&quot;sizes&quot;:[]},&quot;classic_row_gap_tablet&quot;:{&quot;unit&quot;:&quot;px&quot;,&quot;size&quot;:&quot;&quot;,&quot;sizes&quot;:[]},&quot;classic_row_gap_mobile&quot;:{&quot;unit&quot;:&quot;px&quot;,&quot;size&quot;:&quot;&quot;,&quot;sizes&quot;:[]}}\" data-widget_type=\"posts.classic\">\n\t\t\t\t<div class=\"elementor-widget-container\">\n\t\t\t\t\t<div class=\"elementor-posts-container elementor-posts elementor-posts--skin-classic elementor-grid\">\n\t\t\t\t<article class=\"elementor-post elementor-grid-item post-2065 post type-post status-publish format-standard has-post-thumbnail hentry category-events\">\n\t\t\t\t<a class=\"elementor-post__thumbnail__link\" href=\"https:\/\/3i-ict.citic.udc.es\/?p=2065\" >\n\t\t\t<div class=\"elementor-post__thumbnail\"><img loading=\"lazy\" decoding=\"async\" width=\"300\" height=\"218\" src=\"https:\/\/3i-ict.citic.udc.es\/wp-content\/uploads\/2022\/02\/Image_3i-ict-300x218.jpg\" class=\"attachment-medium size-medium wp-image-1313\" alt=\"\" srcset=\"https:\/\/3i-ict.citic.udc.es\/wp-content\/uploads\/2022\/02\/Image_3i-ict-300x218.jpg 300w, https:\/\/3i-ict.citic.udc.es\/wp-content\/uploads\/2022\/02\/Image_3i-ict-230x167.jpg 230w, https:\/\/3i-ict.citic.udc.es\/wp-content\/uploads\/2022\/02\/Image_3i-ict-350x255.jpg 350w, https:\/\/3i-ict.citic.udc.es\/wp-content\/uploads\/2022\/02\/Image_3i-ict-480x349.jpg 480w, https:\/\/3i-ict.citic.udc.es\/wp-content\/uploads\/2022\/02\/Image_3i-ict.jpg 550w\" sizes=\"auto, (max-width: 300px) 100vw, 300px\" \/><\/div>\n\t\t<\/a>\n\t\t\t\t<div class=\"elementor-post__text\">\n\t\t\t\t<h3 class=\"elementor-post__title\">\n\t\t\t<a href=\"https:\/\/3i-ict.citic.udc.es\/?p=2065\" >\n\t\t\t\tPresentation of the thesis projects of the international doctoral programme 3-i ICT\t\t\t<\/a>\n\t\t<\/h3>\n\t\t\t\t<div class=\"elementor-post__meta-data\">\n\t\t\t\t\t<span class=\"elementor-post-date\">\n\t\t\tMay 24, 2023\t\t<\/span>\n\t\t\t\t<\/div>\n\t\t\t\t<div class=\"elementor-post__excerpt\">\n\t\t\t<p>The ICT Research Centre (CITIC) of the University of A Coru\u00f1a hosted on Tuesday 23 May the presentation of the international doctoral theses of the 3-i ICT (International, Interdisciplinary and Intersectoral Information and Communications Technology PhD Programme).<\/p>\n\t\t<\/div>\n\t\t\n\t\t<a class=\"elementor-post__read-more\" href=\"https:\/\/3i-ict.citic.udc.es\/?p=2065\" aria-label=\"Read more about Presentation of the thesis projects of the international doctoral programme 3-i ICT\" >\n\t\t\tRead More \u00bb\t\t<\/a>\n\n\t\t\t\t<\/div>\n\t\t\t\t<\/article>\n\t\t\t\t<article class=\"elementor-post elementor-grid-item post-682 post type-post status-publish format-standard has-post-thumbnail hentry category-events\">\n\t\t\t\t<a class=\"elementor-post__thumbnail__link\" href=\"https:\/\/3i-ict.citic.udc.es\/?p=682\" >\n\t\t\t<div class=\"elementor-post__thumbnail\"><img loading=\"lazy\" decoding=\"async\" width=\"300\" height=\"218\" src=\"https:\/\/3i-ict.citic.udc.es\/wp-content\/uploads\/2022\/02\/Image_3i-ict-300x218.jpg\" class=\"attachment-medium size-medium wp-image-1313\" alt=\"\" srcset=\"https:\/\/3i-ict.citic.udc.es\/wp-content\/uploads\/2022\/02\/Image_3i-ict-300x218.jpg 300w, https:\/\/3i-ict.citic.udc.es\/wp-content\/uploads\/2022\/02\/Image_3i-ict-230x167.jpg 230w, https:\/\/3i-ict.citic.udc.es\/wp-content\/uploads\/2022\/02\/Image_3i-ict-350x255.jpg 350w, https:\/\/3i-ict.citic.udc.es\/wp-content\/uploads\/2022\/02\/Image_3i-ict-480x349.jpg 480w, https:\/\/3i-ict.citic.udc.es\/wp-content\/uploads\/2022\/02\/Image_3i-ict.jpg 550w\" sizes=\"auto, (max-width: 300px) 100vw, 300px\" \/><\/div>\n\t\t<\/a>\n\t\t\t\t<div class=\"elementor-post__text\">\n\t\t\t\t<h3 class=\"elementor-post__title\">\n\t\t\t<a href=\"https:\/\/3i-ict.citic.udc.es\/?p=682\" >\n\t\t\t\tCITIC presents its international PhD programme 3-i ICT\t\t\t<\/a>\n\t\t<\/h3>\n\t\t\t\t<div class=\"elementor-post__meta-data\">\n\t\t\t\t\t<span class=\"elementor-post-date\">\n\t\t\tMarch 24, 2022\t\t<\/span>\n\t\t\t\t<\/div>\n\t\t\t\t<div class=\"elementor-post__excerpt\">\n\t\t\t<p>On March 25, from 12:30 p.m. to 2:00 p.m., the presentation ceremony of the European project 3-i ICT will take place. 3-i ICT is an innovative international PhD programme designed by the CITIC of the UDC.<\/p>\n\t\t<\/div>\n\t\t\n\t\t<a class=\"elementor-post__read-more\" href=\"https:\/\/3i-ict.citic.udc.es\/?p=682\" aria-label=\"Read more about CITIC presents its international PhD programme 3-i ICT\" >\n\t\t\tRead More \u00bb\t\t<\/a>\n\n\t\t\t\t<\/div>\n\t\t\t\t<\/article>\n\t\t\t\t<\/div>\n\t\t\n\t\t\t\t<\/div>\n\t\t\t\t<\/div>\n\t\t\t\t<div class=\"elementor-element elementor-element-d744f04 elementor-widget elementor-widget-text-editor\" data-id=\"d744f04\" data-element_type=\"widget\" data-widget_type=\"text-editor.default\">\n\t\t\t\t<div class=\"elementor-widget-container\">\n\t\t\t\t\t\t\t<h2>3-i ICT in media<\/h2>\t\t\t\t\t\t<\/div>\n\t\t\t\t<\/div>\n\t\t\t\t<div class=\"elementor-element elementor-element-9b9202e elementor-grid-3 elementor-grid-tablet-2 elementor-grid-mobile-1 elementor-posts--thumbnail-top elementor-widget elementor-widget-posts\" data-id=\"9b9202e\" data-element_type=\"widget\" data-settings=\"{&quot;pagination_type&quot;:&quot;numbers_and_prev_next&quot;,&quot;classic_columns&quot;:&quot;3&quot;,&quot;classic_columns_tablet&quot;:&quot;2&quot;,&quot;classic_columns_mobile&quot;:&quot;1&quot;,&quot;classic_row_gap&quot;:{&quot;unit&quot;:&quot;px&quot;,&quot;size&quot;:35,&quot;sizes&quot;:[]},&quot;classic_row_gap_tablet&quot;:{&quot;unit&quot;:&quot;px&quot;,&quot;size&quot;:&quot;&quot;,&quot;sizes&quot;:[]},&quot;classic_row_gap_mobile&quot;:{&quot;unit&quot;:&quot;px&quot;,&quot;size&quot;:&quot;&quot;,&quot;sizes&quot;:[]}}\" data-widget_type=\"posts.classic\">\n\t\t\t\t<div class=\"elementor-widget-container\">\n\t\t\t\t\t<div class=\"elementor-posts-container elementor-posts elementor-posts--skin-classic elementor-grid\">\n\t\t\t\t<article class=\"elementor-post elementor-grid-item post-1645 post type-post status-publish format-standard hentry category-media\">\n\t\t\t\t<div class=\"elementor-post__text\">\n\t\t\t\t<h3 class=\"elementor-post__title\">\n\t\t\t<a href=\"https:\/\/3i-ict.citic.udc.es\/?p=1645\" >\n\t\t\t\tEures Espa\u00f1a selecciona Personal investigador en formaci\u00f3n para la Universidad de A Coru\u00f1a\t\t\t<\/a>\n\t\t<\/h3>\n\t\t\t\t<div class=\"elementor-post__meta-data\">\n\t\t\t\t\t<span class=\"elementor-post-date\">\n\t\t\tMay 11, 2022\t\t<\/span>\n\t\t\t\t<\/div>\n\t\t\t\t<div class=\"elementor-post__excerpt\">\n\t\t\t<p>11\/05\/2022 &#8211; SEPE<\/p>\n\t\t<\/div>\n\t\t\n\t\t<a class=\"elementor-post__read-more\" href=\"https:\/\/3i-ict.citic.udc.es\/?p=1645\" aria-label=\"Read more about Eures Espa\u00f1a selecciona Personal investigador en formaci\u00f3n para la Universidad de A Coru\u00f1a\" >\n\t\t\tRead More \u00bb\t\t<\/a>\n\n\t\t\t\t<\/div>\n\t\t\t\t<\/article>\n\t\t\t\t<article class=\"elementor-post elementor-grid-item post-675 post type-post status-publish format-standard hentry category-media\">\n\t\t\t\t<div class=\"elementor-post__text\">\n\t\t\t\t<h3 class=\"elementor-post__title\">\n\t\t\t<a href=\"https:\/\/3i-ict.citic.udc.es\/?p=675\" >\n\t\t\t\tEl Citic presenta un proyecto europeo para la captaci\u00f3n de talento predoctoral extranjero\t\t\t<\/a>\n\t\t<\/h3>\n\t\t\t\t<div class=\"elementor-post__meta-data\">\n\t\t\t\t\t<span class=\"elementor-post-date\">\n\t\t\tMarch 26, 2022\t\t<\/span>\n\t\t\t\t<\/div>\n\t\t\t\t<div class=\"elementor-post__excerpt\">\n\t\t\t<p>26\/03\/2022 &#8211; El Ideal Gallego<\/p>\n\t\t<\/div>\n\t\t\n\t\t<a class=\"elementor-post__read-more\" href=\"https:\/\/3i-ict.citic.udc.es\/?p=675\" aria-label=\"Read more about El Citic presenta un proyecto europeo para la captaci\u00f3n de talento predoctoral extranjero\" >\n\t\t\tRead More \u00bb\t\t<\/a>\n\n\t\t\t\t<\/div>\n\t\t\t\t<\/article>\n\t\t\t\t<article class=\"elementor-post elementor-grid-item post-665 post type-post status-publish format-standard hentry category-media\">\n\t\t\t\t<div class=\"elementor-post__text\">\n\t\t\t\t<h3 class=\"elementor-post__title\">\n\t\t\t<a href=\"https:\/\/3i-ict.citic.udc.es\/?p=665\" >\n\t\t\t\tEl Centro de Tecnolog\u00edas TIC estrena en Galicia un proyecto europeo para captar talento predoctoral\t\t\t<\/a>\n\t\t<\/h3>\n\t\t\t\t<div class=\"elementor-post__meta-data\">\n\t\t\t\t\t<span class=\"elementor-post-date\">\n\t\t\tMarch 26, 2022\t\t<\/span>\n\t\t\t\t<\/div>\n\t\t\t\t<div class=\"elementor-post__excerpt\">\n\t\t\t<p>26\/03\/2022 &#8211; La Opini\u00f3n A Coru\u00f1a<\/p>\n\t\t<\/div>\n\t\t\n\t\t<a class=\"elementor-post__read-more\" href=\"https:\/\/3i-ict.citic.udc.es\/?p=665\" aria-label=\"Read more about El Centro de Tecnolog\u00edas TIC estrena en Galicia un proyecto europeo para captar talento predoctoral\" >\n\t\t\tRead More \u00bb\t\t<\/a>\n\n\t\t\t\t<\/div>\n\t\t\t\t<\/article>\n\t\t\t\t<\/div>\n\t\t\n\t\t\t\t<div class=\"e-load-more-anchor\" data-page=\"1\" data-max-page=\"4\" data-next-page=\"https:\/\/3i-ict.citic.udc.es\/index.php?rest_route=%2Fwp%2Fv2%2Fpages%2F501&#038;paged=2\"><\/div>\n\t\t\t\t<nav class=\"elementor-pagination\" aria-label=\"Pagination\">\n\t\t\t<span class=\"page-numbers prev\">&laquo; Previous<\/span>\n<span aria-current=\"page\" class=\"page-numbers current\"><span class=\"elementor-screen-only\">Page<\/span>1<\/span>\n<a class=\"page-numbers\" href=\"https:\/\/3i-ict.citic.udc.es\/index.php\/?paged=2&#038;rest_route=%2Fwp%2Fv2%2Fpages%2F501\"><span class=\"elementor-screen-only\">Page<\/span>2<\/a>\n<a class=\"page-numbers\" href=\"https:\/\/3i-ict.citic.udc.es\/index.php\/?paged=3&#038;rest_route=%2Fwp%2Fv2%2Fpages%2F501\"><span class=\"elementor-screen-only\">Page<\/span>3<\/a>\n<a class=\"page-numbers next\" href=\"https:\/\/3i-ict.citic.udc.es\/index.php?rest_route=%2Fwp%2Fv2%2Fpages%2F501&#038;paged=2\">Next &raquo;<\/a>\t\t<\/nav>\n\t\t\t\t<\/div>\n\t\t\t\t<\/div>\n\t\t\t\t\t<\/div>\n\t\t<\/div>\n\t\t\t\t\t\t\t<\/div>\n\t\t<\/section>\n\t\t\t\t\t\t\t<\/div>\n\t\t","protected":false},"excerpt":{"rendered":"<p>Latest news Events 3-i ICT in media<\/p>\n","protected":false},"author":2,"featured_media":0,"parent":0,"menu_order":0,"comment_status":"closed","ping_status":"closed","template":"elementor_header_footer","meta":{"footnotes":""},"class_list":["post-501","page","type-page","status-publish","hentry"],"_links":{"self":[{"href":"https:\/\/3i-ict.citic.udc.es\/index.php?rest_route=\/wp\/v2\/pages\/501","targetHints":{"allow":["GET"]}}],"collection":[{"href":"https:\/\/3i-ict.citic.udc.es\/index.php?rest_route=\/wp\/v2\/pages"}],"about":[{"href":"https:\/\/3i-ict.citic.udc.es\/index.php?rest_route=\/wp\/v2\/types\/page"}],"author":[{"embeddable":true,"href":"https:\/\/3i-ict.citic.udc.es\/index.php?rest_route=\/wp\/v2\/users\/2"}],"replies":[{"embeddable":true,"href":"https:\/\/3i-ict.citic.udc.es\/index.php?rest_route=%2Fwp%2Fv2%2Fcomments&post=501"}],"version-history":[{"count":58,"href":"https:\/\/3i-ict.citic.udc.es\/index.php?rest_route=\/wp\/v2\/pages\/501\/revisions"}],"predecessor-version":[{"id":1532,"href":"https:\/\/3i-ict.citic.udc.es\/index.php?rest_route=\/wp\/v2\/pages\/501\/revisions\/1532"}],"wp:attachment":[{"href":"https:\/\/3i-ict.citic.udc.es\/index.php?rest_route=%2Fwp%2Fv2%2Fmedia&parent=501"}],"curies":[{"name":"wp","href":"https:\/\/api.w.org\/{rel}","templated":true}]}}